{"id":2,"date":"2022-01-26T12:45:51","date_gmt":"2022-01-26T11:45:51","guid":{"rendered":"https:\/\/sommer-urlaub.dk\/?page_id=2"},"modified":"2025-05-03T19:44:27","modified_gmt":"2025-05-03T17:44:27","slug":"eksempel-side","status":"publish","type":"page","link":"https:\/\/sommer-urlaub.dk\/?page_id=2","title":{"rendered":"Vores opgaver for jer."},"content":{"rendered":"\n<p><strong>Mormors Bix \u2013 Din lokale hj\u00e6lper i H\u00f8jer<\/strong><\/p>\n\n\n\n<p>Hos <strong>Mormors Bix<\/strong> i H\u00f8jer tilbyder vi en h\u00e5ndsr\u00e6kning til b\u00e5de hverdag og ved s\u00e6rlige behov. Med r\u00f8dder i den gamle ordentlighed og et hjerte, der banker for godt h\u00e5ndv\u00e6rk, hj\u00e6lper vi med <strong>reng\u00f8ring<\/strong>, <strong>vedligeholdelse<\/strong> og <strong>alt forfaldent arbejde<\/strong> \u2013 stort som sm\u00e5t.<\/p>\n\n\n\n<p>Vi tager os af alt fra hovedreng\u00f8ring og vinduespudsning til sm\u00e5reparationer, maleropgaver, oprydning, og hvad der ellers tr\u00e6nger til en k\u00e6rlig h\u00e5nd. Ingen opgave er for lille \u2013 og vi m\u00f8der altid vores kunder med et smil, punktlighed og respekt for hjem og historie.<\/p>\n\n\n\n<p>Mormors Bix er for dig, der gerne vil have arbejdet gjort <strong>ordentligt, lokalt og med hjertet p\u00e5 rette sted<\/strong>.<\/p>\n\n\n\n<p>\ud83d\udccd Vi holder til i H\u00f8jer \u2013 og hj\u00e6lper i hele omr\u00e5det.<br>\ud83d\udcde Kontakt os i dag for et uforpligtende tilbud! Tlf. 23 99 51 41  &#8211;  Email: <a href=\"vossmoni73@gmail.com\">vossmoni73@gmail.com <\/a><\/p>\n\n\n\n<hr class=\"wp-block-separator has-alpha-channel-opacity\"\/>\n\n\n\n<p><\/p>\n","protected":false},"excerpt":{"rendered":"<p>Mormors Bix \u2013 Din lokale hj\u00e6lper i H\u00f8jer Hos Mormors Bix i H\u00f8jer tilbyder vi en h\u00e5ndsr\u00e6kning til b\u00e5de hverdag og ved s\u00e6rlige behov. Med r\u00f8dder i den gamle ordentlighed og et hjerte, der banker for godt h\u00e5ndv\u00e6rk, hj\u00e6lper vi med reng\u00f8ring, vedligeholdelse og alt forfaldent arbejde \u2013 stort som sm\u00e5t. Vi tager os af&hellip;&nbsp;<a href=\"https:\/\/sommer-urlaub.dk\/?page_id=2\" rel=\"bookmark\"><span class=\"screen-reader-text\">Vores opgaver for jer.<\/span><\/a><\/p>\n","protected":false},"author":1,"featured_media":0,"parent":0,"menu_order":0,"comment_status":"closed","ping_status":"open","template":"","meta":{"neve_meta_sidebar":"","neve_meta_container":"","neve_meta_enable_content_width":"","neve_meta_content_width":0,"neve_meta_title_alignment":"","neve_meta_author_avatar":"","neve_post_elements_order":"","neve_meta_disable_header":"","neve_meta_disable_footer":"","neve_meta_disable_title":"","footnotes":""},"class_list":["post-2","page","type-page","status-publish","hentry"],"yoast_head":"<!-- This site is optimized with the Yoast SEO plugin v26.4 - https:\/\/yoast.com\/wordpress\/plugins\/seo\/ -->\n<title>Vores opgaver for jer. - Mormors Bix<\/title>\n<meta name=\"robots\" content=\"index, follow, max-snippet:-1, max-image-preview:large, max-video-preview:-1\" \/>\n<link rel=\"canonical\" href=\"https:\/\/sommer-urlaub.dk\/?page_id=2\" \/>\n<meta property=\"og:locale\" content=\"da_DK\" \/>\n<meta property=\"og:type\" content=\"article\" \/>\n<meta property=\"og:title\" content=\"Vores opgaver for jer. - Mormors Bix\" \/>\n<meta property=\"og:description\" content=\"Mormors Bix \u2013 Din lokale hj\u00e6lper i H\u00f8jer Hos Mormors Bix i H\u00f8jer tilbyder vi en h\u00e5ndsr\u00e6kning til b\u00e5de hverdag og ved s\u00e6rlige behov. Med r\u00f8dder i den gamle ordentlighed og et hjerte, der banker for godt h\u00e5ndv\u00e6rk, hj\u00e6lper vi med reng\u00f8ring, vedligeholdelse og alt forfaldent arbejde \u2013 stort som sm\u00e5t. Vi tager os af&hellip;&nbsp;Vores opgaver for jer.\" \/>\n<meta property=\"og:url\" content=\"https:\/\/sommer-urlaub.dk\/?page_id=2\" \/>\n<meta property=\"og:site_name\" content=\"Mormors Bix\" \/>\n<meta property=\"article:modified_time\" content=\"2025-05-03T17:44:27+00:00\" \/>\n<meta name=\"twitter:card\" content=\"summary_large_image\" \/>\n<meta name=\"twitter:label1\" content=\"Estimeret l\u00e6setid\" \/>\n\t<meta name=\"twitter:data1\" content=\"1 minut\" \/>\n<script type=\"application\/ld+json\" class=\"yoast-schema-graph\">{\"@context\":\"https:\/\/schema.org\",\"@graph\":[{\"@type\":\"WebPage\",\"@id\":\"https:\/\/sommer-urlaub.dk\/?page_id=2\",\"url\":\"https:\/\/sommer-urlaub.dk\/?page_id=2\",\"name\":\"Vores opgaver for jer. - Mormors Bix\",\"isPartOf\":{\"@id\":\"https:\/\/sommer-urlaub.dk\/#website\"},\"datePublished\":\"2022-01-26T11:45:51+00:00\",\"dateModified\":\"2025-05-03T17:44:27+00:00\",\"breadcrumb\":{\"@id\":\"https:\/\/sommer-urlaub.dk\/?page_id=2#breadcrumb\"},\"inLanguage\":\"da-DK\",\"potentialAction\":[{\"@type\":\"ReadAction\",\"target\":[\"https:\/\/sommer-urlaub.dk\/?page_id=2\"]}]},{\"@type\":\"BreadcrumbList\",\"@id\":\"https:\/\/sommer-urlaub.dk\/?page_id=2#breadcrumb\",\"itemListElement\":[{\"@type\":\"ListItem\",\"position\":1,\"name\":\"Hjem\",\"item\":\"https:\/\/sommer-urlaub.dk\/\"},{\"@type\":\"ListItem\",\"position\":2,\"name\":\"Vores opgaver for jer.\"}]},{\"@type\":\"WebSite\",\"@id\":\"https:\/\/sommer-urlaub.dk\/#website\",\"url\":\"https:\/\/sommer-urlaub.dk\/\",\"name\":\"Mormors Bix\",\"description\":\"\",\"publisher\":{\"@id\":\"https:\/\/sommer-urlaub.dk\/#organization\"},\"potentialAction\":[{\"@type\":\"SearchAction\",\"target\":{\"@type\":\"EntryPoint\",\"urlTemplate\":\"https:\/\/sommer-urlaub.dk\/?s={search_term_string}\"},\"query-input\":{\"@type\":\"PropertyValueSpecification\",\"valueRequired\":true,\"valueName\":\"search_term_string\"}}],\"inLanguage\":\"da-DK\"},{\"@type\":[\"Organization\",\"Place\"],\"@id\":\"https:\/\/sommer-urlaub.dk\/#organization\",\"name\":\"sommer-urlaub\",\"alternateName\":\"sommer-urlaub\",\"url\":\"https:\/\/sommer-urlaub.dk\/\",\"logo\":{\"@id\":\"https:\/\/sommer-urlaub.dk\/?page_id=2#local-main-organization-logo\"},\"image\":{\"@id\":\"https:\/\/sommer-urlaub.dk\/?page_id=2#local-main-organization-logo\"},\"openingHoursSpecification\":[{\"@type\":\"OpeningHoursSpecification\",\"dayOfWeek\":[\"Monday\",\"Tuesday\",\"Wednesday\",\"Thursday\",\"Friday\",\"Saturday\",\"Sunday\"],\"opens\":\"09:00\",\"closes\":\"17:00\"}]},{\"@type\":\"ImageObject\",\"inLanguage\":\"da-DK\",\"@id\":\"https:\/\/sommer-urlaub.dk\/?page_id=2#local-main-organization-logo\",\"url\":\"https:\/\/sommer-urlaub.dk\/wp-content\/uploads\/2023\/01\/sommer-plakat-badehus-vasketoej_1024x1024.webp\",\"contentUrl\":\"https:\/\/sommer-urlaub.dk\/wp-content\/uploads\/2023\/01\/sommer-plakat-badehus-vasketoej_1024x1024.webp\",\"width\":1024,\"height\":1024,\"caption\":\"sommer-urlaub\"}]}<\/script>\n<!-- \/ Yoast SEO plugin. -->","yoast_head_json":{"title":"Vores opgaver for jer. - Mormors Bix","robots":{"index":"index","follow":"follow","max-snippet":"max-snippet:-1","max-image-preview":"max-image-preview:large","max-video-preview":"max-video-preview:-1"},"canonical":"https:\/\/sommer-urlaub.dk\/?page_id=2","og_locale":"da_DK","og_type":"article","og_title":"Vores opgaver for jer. - Mormors Bix","og_description":"Mormors Bix \u2013 Din lokale hj\u00e6lper i H\u00f8jer Hos Mormors Bix i H\u00f8jer tilbyder vi en h\u00e5ndsr\u00e6kning til b\u00e5de hverdag og ved s\u00e6rlige behov. Med r\u00f8dder i den gamle ordentlighed og et hjerte, der banker for godt h\u00e5ndv\u00e6rk, hj\u00e6lper vi med reng\u00f8ring, vedligeholdelse og alt forfaldent arbejde \u2013 stort som sm\u00e5t. Vi tager os af&hellip;&nbsp;Vores opgaver for jer.","og_url":"https:\/\/sommer-urlaub.dk\/?page_id=2","og_site_name":"Mormors Bix","article_modified_time":"2025-05-03T17:44:27+00:00","twitter_card":"summary_large_image","twitter_misc":{"Estimeret l\u00e6setid":"1 minut"},"schema":{"@context":"https:\/\/schema.org","@graph":[{"@type":"WebPage","@id":"https:\/\/sommer-urlaub.dk\/?page_id=2","url":"https:\/\/sommer-urlaub.dk\/?page_id=2","name":"Vores opgaver for jer. - Mormors Bix","isPartOf":{"@id":"https:\/\/sommer-urlaub.dk\/#website"},"datePublished":"2022-01-26T11:45:51+00:00","dateModified":"2025-05-03T17:44:27+00:00","breadcrumb":{"@id":"https:\/\/sommer-urlaub.dk\/?page_id=2#breadcrumb"},"inLanguage":"da-DK","potentialAction":[{"@type":"ReadAction","target":["https:\/\/sommer-urlaub.dk\/?page_id=2"]}]},{"@type":"BreadcrumbList","@id":"https:\/\/sommer-urlaub.dk\/?page_id=2#breadcrumb","itemListElement":[{"@type":"ListItem","position":1,"name":"Hjem","item":"https:\/\/sommer-urlaub.dk\/"},{"@type":"ListItem","position":2,"name":"Vores opgaver for jer."}]},{"@type":"WebSite","@id":"https:\/\/sommer-urlaub.dk\/#website","url":"https:\/\/sommer-urlaub.dk\/","name":"Mormors Bix","description":"","publisher":{"@id":"https:\/\/sommer-urlaub.dk\/#organization"},"potentialAction":[{"@type":"SearchAction","target":{"@type":"EntryPoint","urlTemplate":"https:\/\/sommer-urlaub.dk\/?s={search_term_string}"},"query-input":{"@type":"PropertyValueSpecification","valueRequired":true,"valueName":"search_term_string"}}],"inLanguage":"da-DK"},{"@type":["Organization","Place"],"@id":"https:\/\/sommer-urlaub.dk\/#organization","name":"sommer-urlaub","alternateName":"sommer-urlaub","url":"https:\/\/sommer-urlaub.dk\/","logo":{"@id":"https:\/\/sommer-urlaub.dk\/?page_id=2#local-main-organization-logo"},"image":{"@id":"https:\/\/sommer-urlaub.dk\/?page_id=2#local-main-organization-logo"},"openingHoursSpecification":[{"@type":"OpeningHoursSpecification","dayOfWeek":["Monday","Tuesday","Wednesday","Thursday","Friday","Saturday","Sunday"],"opens":"09:00","closes":"17:00"}]},{"@type":"ImageObject","inLanguage":"da-DK","@id":"https:\/\/sommer-urlaub.dk\/?page_id=2#local-main-organization-logo","url":"https:\/\/sommer-urlaub.dk\/wp-content\/uploads\/2023\/01\/sommer-plakat-badehus-vasketoej_1024x1024.webp","contentUrl":"https:\/\/sommer-urlaub.dk\/wp-content\/uploads\/2023\/01\/sommer-plakat-badehus-vasketoej_1024x1024.webp","width":1024,"height":1024,"caption":"sommer-urlaub"}]}},"jetpack_sharing_enabled":true,"_links":{"self":[{"href":"https:\/\/sommer-urlaub.dk\/index.php?rest_route=\/wp\/v2\/pages\/2","targetHints":{"allow":["GET"]}}],"collection":[{"href":"https:\/\/sommer-urlaub.dk\/index.php?rest_route=\/wp\/v2\/pages"}],"about":[{"href":"https:\/\/sommer-urlaub.dk\/index.php?rest_route=\/wp\/v2\/types\/page"}],"author":[{"embeddable":true,"href":"https:\/\/sommer-urlaub.dk\/index.php?rest_route=\/wp\/v2\/users\/1"}],"replies":[{"embeddable":true,"href":"https:\/\/sommer-urlaub.dk\/index.php?rest_route=%2Fwp%2Fv2%2Fcomments&post=2"}],"version-history":[{"count":4,"href":"https:\/\/sommer-urlaub.dk\/index.php?rest_route=\/wp\/v2\/pages\/2\/revisions"}],"predecessor-version":[{"id":112,"href":"https:\/\/sommer-urlaub.dk\/index.php?rest_route=\/wp\/v2\/pages\/2\/revisions\/112"}],"wp:attachment":[{"href":"https:\/\/sommer-urlaub.dk\/index.php?rest_route=%2Fwp%2Fv2%2Fmedia&parent=2"}],"curies":[{"name":"wp","href":"https:\/\/api.w.org\/{rel}","templated":true}]}}